{"id":1862,"date":"2019-12-12T13:56:56","date_gmt":"2019-12-12T13:56:56","guid":{"rendered":"http:\/\/miet-mich-luebeck.de\/?page_id=1862"},"modified":"2022-12-05T13:57:06","modified_gmt":"2022-12-05T13:57:06","slug":"startseite","status":"publish","type":"page","link":"https:\/\/miet-mich-luebeck.de\/","title":{"rendered":"Startseite"},"content":{"rendered":"<p>[et_pb_section fb_built=&#8220;1&#8243; fullwidth=&#8220;on&#8220; admin_label=&#8220;Header&#8220; _builder_version=&#8220;4.0.6&#8243; background_enable_color=&#8220;off&#8220; background_enable_image=&#8220;off&#8220; parallax=&#8220;on&#8220; background_video_mp4=&#8220;https:\/\/miet-mich-luebeck.de\/wp-content\/uploads\/2020\/01\/Pexels-Videos-1409899.mp4&#8243; custom_padding=&#8220;0px|0|0px|0px|false|false&#8220;][et_pb_fullwidth_header title=&#8220;Kaufst du noch oder mietest du schon ?&#8220; text_orientation=&#8220;center&#8220; header_scroll_down=&#8220;on&#8220; scroll_down_icon=&#8220;%%2%%&#8220; content_max_width=&#8220;99%&#8220; admin_label=&#8220;Fullwidth Header&#8220; _builder_version=&#8220;4.0.6&#8243; title_font=&#8220;Georgia||||||||&#8220; title_text_align=&#8220;center&#8220; title_font_size=&#8220;80px&#8220; title_line_height=&#8220;1.4em&#8220; content_font=&#8220;Open Sans||||||||&#8220; content_text_align=&#8220;center&#8220; content_font_size=&#8220;18px&#8220; content_line_height=&#8220;1.8em&#8220; background_color=&#8220;rgba(0,0,0,0)&#8220; use_background_color_gradient=&#8220;on&#8220; background_color_gradient_start=&#8220;rgba(0,0,0,0.9)&#8220; background_color_gradient_end=&#8220;rgba(80,103,147,0.5)&#8220; background_color_gradient_direction=&#8220;140deg&#8220; background_enable_image=&#8220;off&#8220; custom_button_one=&#8220;on&#8220; button_one_text_size=&#8220;14px&#8220; button_one_bg_color=&#8220;#ff6d29&#8243; button_one_border_color=&#8220;rgba(0,0,0,0)&#8220; button_one_border_radius=&#8220;0px&#8220; button_one_letter_spacing=&#8220;1px&#8220; button_one_font=&#8220;|700||on|||||&#8220; button_one_custom_padding=&#8220;16px|28px|16px|28px|true|true&#8220; custom_button_two=&#8220;on&#8220; button_two_text_size=&#8220;14px&#8220; button_two_border_width=&#8220;2px&#8220; button_two_border_radius=&#8220;0px&#8220; button_two_letter_spacing=&#8220;1px&#8220; button_two_font=&#8220;|700||on|||||&#8220; button_two_custom_padding=&#8220;16px|28px|16px|28px|true|true&#8220; width=&#8220;100%&#8220; max_width=&#8220;100%&#8220; custom_margin=&#8220;|||&#8220; custom_padding=&#8220;10vw||10vw||true&#8220; custom_padding_tablet=&#8220;100px||100px||true&#8220; custom_padding_phone=&#8220;|||&#8220; custom_padding_last_edited=&#8220;on|desktop&#8220; title_font_size_tablet=&#8220;54px&#8220; title_font_size_phone=&#8220;34px&#8220; title_font_size_last_edited=&#8220;on|phone&#8220; content_font_size_tablet=&#8220;&#8220; content_font_size_phone=&#8220;16px&#8220; content_font_size_last_edited=&#8220;on|phone&#8220; custom_css_header_container=&#8220;max-width: 1280px;||width: 100%;&#8220; button_one_border_color_hover=&#8220;#ff8a3d&#8220; button_one_border_radius_hover=&#8220;100px&#8220; button_one_letter_spacing_hover=&#8220;5px&#8220; button_one_bg_color_hover=&#8220;#ff8a3d&#8220; button_one_text_size__hover_enabled=&#8220;off&#8220; button_two_text_size__hover_enabled=&#8220;off&#8220; button_one_text_color__hover_enabled=&#8220;off&#8220; button_two_text_color__hover_enabled=&#8220;off&#8220; button_one_border_width__hover_enabled=&#8220;off&#8220; button_two_border_width__hover_enabled=&#8220;off&#8220; button_one_border_color__hover_enabled=&#8220;off&#8220; button_one_border_color__hover=&#8220;#ff8a3d&#8220; button_two_border_color__hover_enabled=&#8220;off&#8220; button_one_border_radius__hover_enabled=&#8220;off&#8220; button_one_border_radius__hover=&#8220;100px&#8220; button_two_border_radius__hover_enabled=&#8220;off&#8220; button_one_letter_spacing__hover_enabled=&#8220;off&#8220; button_one_letter_spacing__hover=&#8220;5px&#8220; button_two_letter_spacing__hover_enabled=&#8220;off&#8220; button_one_bg_color__hover_enabled=&#8220;off&#8220; button_one_bg_color__hover=&#8220;#ff8a3d&#8220; button_two_bg_color__hover_enabled=&#8220;off&#8220;][\/et_pb_fullwidth_header][\/et_pb_section][et_pb_section fb_built=&#8220;1&#8243; _builder_version=&#8220;4.0.6&#8243;][et_pb_row _builder_version=&#8220;4.0.6&#8243;][et_pb_column type=&#8220;4_4&#8243; _builder_version=&#8220;4.0.6&#8243;][et_pb_text _builder_version=&#8220;4.0.6&#8243; link_text_color=&#8220;#49a7ac&#8220; ul_text_color=&#8220;#49a7ac&#8220; header_font=&#8220;||||||||&#8220; header_text_color=&#8220;#00a7ad&#8220;]<\/p>\n<h1 style=\"text-align: center;\"><strong>Warum Miet Mich L\u00fcbeck?<br \/><\/strong><\/h1>\n<p>[\/et_pb_text][et_pb_text _builder_version=&#8220;4.0.6&#8243;]<\/p>\n<p style=\"text-align: center;\">Wir vermieten eine Vielzahl von Ger\u00e4ten und Gegenst\u00e4nden f\u00fcr Urlaub, Feiern und den allt\u00e4glichen Gebrauch.<\/p>\n<p style=\"text-align: center;\">Alles ist gepr\u00fcft und in TOP Zustand. Melden Sie sich gerne!<\/p>\n<p>[\/et_pb_text][et_pb_divider _builder_version=&#8220;4.0.6&#8243;][\/et_pb_divider][\/et_pb_column][\/et_pb_row][\/et_pb_section][et_pb_section fb_built=&#8220;1&#8243; admin_label=&#8220;Testimonials&#8220; _builder_version=&#8220;4.0.6&#8243; background_color=&#8220;#ffffff&#8220; use_background_color_gradient=&#8220;on&#8220; background_color_gradient_start=&#8220;#f5f7fa&#8220; background_color_gradient_end=&#8220;#ffffff&#8220; background_size=&#8220;contain&#8220; background_position=&#8220;center_right&#8220;][et_pb_row _builder_version=&#8220;3.26.4&#8243; locked=&#8220;off&#8220;][et_pb_column type=&#8220;4_4&#8243; _builder_version=&#8220;3.26.4&#8243;][et_pb_text _builder_version=&#8220;4.0.6&#8243; text_font_size=&#8220;16px&#8220; text_line_height=&#8220;2em&#8220; header_text_color=&#8220;#A90F6B&#8220; header_2_font=&#8220;Merriweather||||||||&#8220; header_2_font_size=&#8220;50px&#8220; header_2_line_height=&#8220;1.4em&#8220; text_orientation=&#8220;center&#8220; max_width=&#8220;800px&#8220; max_width_tablet=&#8220;&#8220; max_width_phone=&#8220;&#8220; max_width_last_edited=&#8220;on|phone&#8220; module_alignment=&#8220;center&#8220; header_2_font_size_tablet=&#8220;36px&#8220; header_2_font_size_phone=&#8220;24px&#8220; header_2_font_size_last_edited=&#8220;on|desktop&#8220; locked=&#8220;off&#8220;]<\/p>\n<h1><strong>Kontakt<\/strong><\/h1>\n<p>[\/et_pb_text][\/et_pb_column][\/et_pb_row][\/et_pb_section][et_pb_section fb_built=&#8220;1&#8243; admin_label=&#8220;Footer&#8220; _builder_version=&#8220;3.27&#8243;][et_pb_row column_structure=&#8220;1_4,1_4,1_4,1_4&#8243; _builder_version=&#8220;4.0.6&#8243;][et_pb_column type=&#8220;1_4&#8243; _builder_version=&#8220;4.0.6&#8243;][et_pb_text _builder_version=&#8220;4.0.6&#8243; text_text_color=&#8220;#000000&#8243; text_line_height=&#8220;2em&#8220; link_font=&#8220;||||on||||&#8220; link_text_color=&#8220;#3f3fff&#8220; header_font=&#8220;||||||||&#8220; header_text_color=&#8220;#000000&#8243; header_4_font=&#8220;Merriweather||||||||&#8220; header_4_text_color=&#8220;#A90F6B&#8220; header_4_font_size=&#8220;16px&#8220; header_4_line_height=&#8220;1.4em&#8220; max_width=&#8220;800px&#8220; header_4_font_size_tablet=&#8220;16px&#8220; header_4_font_size_phone=&#8220;14px&#8220; header_4_font_size_last_edited=&#8220;on|desktop&#8220; locked=&#8220;off&#8220;]<\/p>\n<h4 style=\"text-align: center;\">Anschrift<\/h4>\n<p style=\"text-align: center;\">Schwertfegerstra\u00dfe 24<br \/> 23556 L\u00fcbeck<\/p>\n<p>[\/et_pb_text][\/et_pb_column][et_pb_column type=&#8220;1_4&#8243; _builder_version=&#8220;3.26.4&#8243;][et_pb_text _builder_version=&#8220;4.0.6&#8243; text_text_color=&#8220;#A90F6B&#8220; text_line_height=&#8220;2em&#8220; link_font=&#8220;||||on||||&#8220; link_text_color=&#8220;#3f3fff&#8220; header_font=&#8220;||||||||&#8220; header_text_color=&#8220;#A90F6B&#8220; header_4_font=&#8220;Merriweather||||||||&#8220; header_4_text_color=&#8220;#A90F6B&#8220; header_4_font_size=&#8220;16px&#8220; header_4_line_height=&#8220;1.4em&#8220; max_width=&#8220;800px&#8220; header_4_font_size_tablet=&#8220;16px&#8220; header_4_font_size_phone=&#8220;14px&#8220; header_4_font_size_last_edited=&#8220;on|desktop&#8220; locked=&#8220;off&#8220;]<\/p>\n<h4 style=\"text-align: center;\">Kontakt<\/h4>\n<p style=\"text-align: center;\">0451 44644<br \/> <a href=\"mailto:info@diviinvestment.com\">info@miet-mich-luebeck.de<\/a><\/p>\n<p>[\/et_pb_text][\/et_pb_column][et_pb_column type=&#8220;1_4&#8243; _builder_version=&#8220;3.26.4&#8243;][et_pb_text _builder_version=&#8220;4.0.6&#8243; text_text_color=&#8220;#A90F6B&#8220; text_line_height=&#8220;2em&#8220; link_font=&#8220;||||on||||&#8220; link_text_color=&#8220;#3f3fff&#8220; header_font=&#8220;||||||||&#8220; header_4_font=&#8220;Merriweather||||||||&#8220; header_4_text_color=&#8220;#A90F6B&#8220; header_4_font_size=&#8220;16px&#8220; header_4_line_height=&#8220;1.4em&#8220; max_width=&#8220;800px&#8220; header_4_font_size_tablet=&#8220;16px&#8220; header_4_font_size_phone=&#8220;14px&#8220; header_4_font_size_last_edited=&#8220;on|desktop&#8220; locked=&#8220;off&#8220;]<\/p>\n<h4 style=\"text-align: center;\">\u00d6ffnungszeiten<\/h4>\n<p style=\"text-align: center;\">Mo &#8211; Fr 08:00 &#8211; 17:00 Uhr<br \/> Samstag und Sonntag auf Anfrage<\/p>\n<p>[\/et_pb_text][\/et_pb_column][et_pb_column type=&#8220;1_4&#8243; _builder_version=&#8220;4.0.6&#8243;][et_pb_text _builder_version=&#8220;4.0.6&#8243; text_text_color=&#8220;#A90F6B&#8220; text_line_height=&#8220;2em&#8220; link_font=&#8220;||||on||||&#8220; link_text_color=&#8220;#3f3fff&#8220; header_font=&#8220;||||||||&#8220; header_4_font=&#8220;Merriweather||||||||&#8220; header_4_text_color=&#8220;#A90F6B&#8220; header_4_font_size=&#8220;16px&#8220; header_4_line_height=&#8220;1.4em&#8220; max_width=&#8220;800px&#8220; custom_margin=&#8220;||0px||false|false&#8220; header_4_font_size_tablet=&#8220;16px&#8220; header_4_font_size_phone=&#8220;14px&#8220; header_4_font_size_last_edited=&#8220;on|desktop&#8220; locked=&#8220;off&#8220;]<\/p>\n<h4 style=\"text-align: center;\">Folg uns auf<\/h4>\n<p>[\/et_pb_text][et_pb_social_media_follow icon_color=&#8220; #A90F6B&#8220; _builder_version=&#8220;4.0.6&#8243; text_orientation=&#8220;center&#8220; max_width=&#8220;100%&#8220; custom_margin=&#8220;|0px||0px|false|false&#8220; custom_padding=&#8220;|0px|0px|0px|false|false&#8220; filter_invert=&#8220;100%&#8220; border_radii=&#8220;on|100px|100px|100px|100px&#8220; locked=&#8220;off&#8220;][et_pb_social_media_follow_network social_network=&#8220;instagram&#8220; url=&#8220;https:\/\/www.instagram.com\/mietmichluebeck\/&#8220; _builder_version=&#8220;4.0.6&#8243; custom_margin=&#8220;||||false|false&#8220; custom_padding=&#8220;6px|6px|6px|6px|true|true&#8220; follow_button=&#8220;off&#8220; url_new_window=&#8220;on&#8220;]instagram[\/et_pb_social_media_follow_network][et_pb_social_media_follow_network social_network=&#8220;facebook&#8220; url=&#8220;https:\/\/www.facebook.com\/Miet-Mich-L%C3%BCbeck-101138851453359\/?modal=admin_todo_tour&#8220; _builder_version=&#8220;4.0.6&#8243; custom_margin=&#8220;||||false|false&#8220; custom_padding=&#8220;6px|6px|6px|6px|true|true&#8220; follow_button=&#8220;off&#8220; url_new_window=&#8220;on&#8220;]facebook[\/et_pb_social_media_follow_network][\/et_pb_social_media_follow][\/et_pb_column][\/et_pb_row][\/et_pb_section][et_pb_section fb_built=&#8220;1&#8243; _builder_version=&#8220;4.0.6&#8243;][\/et_pb_section]<\/p>\n","protected":false},"excerpt":{"rendered":"<p>[et_pb_section fb_built=&#8220;1&#8243; fullwidth=&#8220;on&#8220; admin_label=&#8220;Header&#8220; _builder_version=&#8220;4.0.6&#8243; background_enable_color=&#8220;off&#8220; background_enable_image=&#8220;off&#8220; parallax=&#8220;on&#8220; background_video_mp4=&#8220;https:\/\/miet-mich-luebeck.de\/wp-content\/uploads\/2020\/01\/Pexels-Videos-1409899.mp4&#8243; custom_padding=&#8220;0px|0|0px|0px|false|false&#8220;][et_pb_fullwidth_header title=&#8220;Kaufst du noch oder mietest du schon ?&#8220; text_orientation=&#8220;center&#8220; header_scroll_down=&#8220;on&#8220; scroll_down_icon=&#8220;%%2%%&#8220; content_max_width=&#8220;99%&#8220; admin_label=&#8220;Fullwidth Header&#8220; _builder_version=&#8220;4.0.6&#8243; title_font=&#8220;Georgia||||||||&#8220; title_text_align=&#8220;center&#8220; title_font_size=&#8220;80px&#8220; title_line_height=&#8220;1.4em&#8220; content_font=&#8220;Open Sans||||||||&#8220; content_text_align=&#8220;center&#8220; content_font_size=&#8220;18px&#8220; content_line_height=&#8220;1.8em&#8220; background_color=&#8220;rgba(0,0,0,0)&#8220; use_background_color_gradient=&#8220;on&#8220; background_color_gradient_start=&#8220;rgba(0,0,0,0.9)&#8220; background_color_gradient_end=&#8220;rgba(80,103,147,0.5)&#8220; background_color_gradient_direction=&#8220;140deg&#8220; background_enable_image=&#8220;off&#8220; custom_button_one=&#8220;on&#8220; button_one_text_size=&#8220;14px&#8220; button_one_bg_color=&#8220;#ff6d29&#8243; button_one_border_color=&#8220;rgba(0,0,0,0)&#8220; button_one_border_radius=&#8220;0px&#8220; button_one_letter_spacing=&#8220;1px&#8220; button_one_font=&#8220;|700||on|||||&#8220; button_one_custom_padding=&#8220;16px|28px|16px|28px|true|true&#8220; custom_button_two=&#8220;on&#8220; button_two_text_size=&#8220;14px&#8220; button_two_border_width=&#8220;2px&#8220; button_two_border_radius=&#8220;0px&#8220; button_two_letter_spacing=&#8220;1px&#8220; button_two_font=&#8220;|700||on|||||&#8220; button_two_custom_padding=&#8220;16px|28px|16px|28px|true|true&#8220; [&hellip;]<\/p>\n","protected":false},"author":1,"featured_media":0,"parent":0,"menu_order":0,"comment_status":"closed","ping_status":"closed","template":"","meta":{"_et_pb_use_builder":"on","_et_pb_old_content":""},"_links":{"self":[{"href":"https:\/\/miet-mich-luebeck.de\/index.php?rest_route=\/wp\/v2\/pages\/1862"}],"collection":[{"href":"https:\/\/miet-mich-luebeck.de\/index.php?rest_route=\/wp\/v2\/pages"}],"about":[{"href":"https:\/\/miet-mich-luebeck.de\/index.php?rest_route=\/wp\/v2\/types\/page"}],"author":[{"embeddable":true,"href":"https:\/\/miet-mich-luebeck.de\/index.php?rest_route=\/wp\/v2\/users\/1"}],"replies":[{"embeddable":true,"href":"https:\/\/miet-mich-luebeck.de\/index.php?rest_route=%2Fwp%2Fv2%2Fcomments&post=1862"}],"version-history":[{"count":65,"href":"https:\/\/miet-mich-luebeck.de\/index.php?rest_route=\/wp\/v2\/pages\/1862\/revisions"}],"predecessor-version":[{"id":2192,"href":"https:\/\/miet-mich-luebeck.de\/index.php?rest_route=\/wp\/v2\/pages\/1862\/revisions\/2192"}],"wp:attachment":[{"href":"https:\/\/miet-mich-luebeck.de\/index.php?rest_route=%2Fwp%2Fv2%2Fmedia&parent=1862"}],"curies":[{"name":"wp","href":"https:\/\/api.w.org\/{rel}","templated":true}]}}